{"id":1297,"date":"2023-11-20T10:56:58","date_gmt":"2023-11-20T10:56:58","guid":{"rendered":"https:\/\/lafruetta.it\/?page_id=1297"},"modified":"2023-11-20T13:36:44","modified_gmt":"2023-11-20T13:36:44","slug":"cookies-policy","status":"publish","type":"page","link":"https:\/\/lafruetta.it\/index.php\/cookies-policy\/","title":{"rendered":"Cookies Policy"},"content":{"rendered":"\t\t<div data-elementor-type=\"wp-page\" data-elementor-id=\"1297\" class=\"elementor elementor-1297\">\n\t\t\t\t\t\t\t<div class=\"elementor-element elementor-element-3643a5d e-flex e-con-boxed e-con e-parent\" data-id=\"3643a5d\" data-element_type=\"container\" data-settings=\"{&quot;content_width&quot;:&quot;boxed&quot;}\" data-core-v316-plus=\"true\">\n\t\t\t\t\t<div class=\"e-con-inner\">\n\t\t\t\t<div class=\"elementor-element elementor-element-0cb6d2d elementor-widget elementor-widget-text-editor\" data-id=\"0cb6d2d\" data-element_type=\"widget\" data-widget_type=\"text-editor.default\">\n\t\t\t\t<div class=\"elementor-widget-container\">\n\t\t\t<style>\/*! elementor - v3.17.0 - 08-11-2023 *\/\n.elementor-widget-text-editor.elementor-drop-cap-view-stacked .elementor-drop-cap{background-color:#69727d;color:#fff}.elementor-widget-text-editor.elementor-drop-cap-view-framed .elementor-drop-cap{color:#69727d;border:3px solid;background-color:transparent}.elementor-widget-text-editor:not(.elementor-drop-cap-view-default) .elementor-drop-cap{margin-top:8px}.elementor-widget-text-editor:not(.elementor-drop-cap-view-default) .elementor-drop-cap-letter{width:1em;height:1em}.elementor-widget-text-editor .elementor-drop-cap{float:left;text-align:center;line-height:1;font-size:50px}.elementor-widget-text-editor .elementor-drop-cap-letter{display:inline-block}<\/style>\t\t\t\t<h5><b>Uso dei cookie<\/b><\/h5><p>Il \u201cSito\u201d utilizza i Cookie per rendere i propri servizi semplici e efficienti per l\u2019utenza che visiona le pagine. Gli utenti che visionano il Sito, vedranno inserite delle quantit\u00e0 minime di informazioni nei dispositivi in uso, che siano computer e periferiche mobili, in piccoli file di testo denominati \u201ccookie\u201d salvati nelle directory utilizzate dal browser web dell\u2019Utente. Disabilitando i cookie alcuni dei nostri servizi potrebbero non funzionare correttamente e alcune pagine non le visualizzerai correttamente.<\/p><p>Vi sono vari tipi di cookie, alcuni per rendere pi\u00f9 efficace l\u2019uso del Sito, altri per abilitare determinate funzionalit\u00e0. Analizzandoli in maniera particolareggiata i nostri cookie permettono di:<br \/>\u2022 memorizzare le preferenze inserite<br \/>\u2022 evitare di reinserire le stesse informazioni pi\u00f9 volte durante la visita quali ad esempio nome utente e password<br \/>\u2022 analizzare l\u2019utilizzo dei servizi e dei contenuti forniti per ottimizzarne l\u2019esperienza di navigazione e i servizi offerti<\/p><h5><b>Tipologie di Cookie utilizzati<\/b><\/h5><p>A seguire i vari tipi di cookie utilizzati in funzione delle finalit\u00e0 d\u2019uso<\/p><p><b>Cookie Tecnici<\/b><br \/>Questa tipologia di cookie \u00e8 strettamente necessaria al corretto funzionamento di alcune sezioni del Sito.<br \/>Sono di due categorie: persistenti e di sessione:<br \/>\u2022 persistenti: una volta chiuso il browser non vengono distrutti ma rimangono fino ad una data di scadenza preimpostata<br \/>\u2022 di sessioni: vengono distrutti ogni volta che il browser viene chiuso<\/p><p>Questi cookie, inviati sempre dal nostro dominio, sono necessari a visualizzare correttamente il sito e in relazione ai servizi tecnici offerti, verranno quindi sempre utilizzati e inviati, a meno che l\u2019utenza non modifichi le impostazioni nel proprio browser (inficiando cos\u00ec la visualizzazione delle pagine del sito).<\/p><p><b>Cookie analitici<\/b><br \/>I cookie in questa categoria vengono utilizzati per collezionare informazioni sull\u2019uso del sito. Il sito user\u00e0 queste informazioni in merito ad analisi statistiche anonime al fine di migliorare l\u2019utilizzo del Sito e per rendere i contenuti pi\u00f9 interessanti e attinenti ai desideri dell\u2019utenza. Questa tipologia di cookie raccoglie dati in forma anonima sull\u2019attivit\u00e0 dell\u2019utenza e su come \u00e8 arrivata sul Sito. I cookie analitici sono inviati dal Sito Stesso o da domini di terze parti.<\/p><p><b>Cookie di analisi di servizi di terze parti<\/b><br \/>Questi cookie sono utilizzati al fine di raccogliere informazioni sull\u2019uso del Sito da parte degli utenti in forma anonima quali: pagine visitate, tempo di permanenza, origini del traffico di provenienza, provenienza geografica, et\u00e0, genere e interessi ai fini di campagne di marketing. Questi cookie sono inviati da domini di terze parti esterni al Sito, nel nostro caso da Google Analytics.<\/p><p><b>Cookie per integrare prodotti e funzioni di software di terze parti<\/b><br \/>Questa tipologia di cookie integra funzionalit\u00e0 sviluppate da terzi all\u2019interno delle pagine del Sito come le icone e le preferenze espresse nei social network al fine di condivisione dei contenuti del sito o per l\u2019uso di servizi software di terze parti (come i software per generare le mappe e ulteriori software che offrono servizi aggiuntivi). Questi cookie sono inviati da domini di terze parti e da siti partner che offrono le loro funzionalit\u00e0 tra le pagine del Sito.<\/p><p><b>Cookie di profilazione<\/b><br \/>Sono quei cookie necessari a creare profili utenti al fine di inviare messaggi pubblicitari in linea con le preferenze manifestate dall\u2019utente all\u2019interno delle pagine del Sito. Secondo la normativa vigente il sito, non \u00e8 tenuto a chiedere consenso per i cookie tecnici, in quanto necessari a fornire i servizi richiesti.<\/p><p>Per tutte le altre tipologie di cookie il consenso pu\u00f2 essere espresso dall\u2019Utente con una o pi\u00f9 di una delle seguenti modalit\u00e0:<br \/>\u2022 Mediante specifiche configurazioni del browser utilizzato o dei relativi programmi informatici utilizzati per navigare le pagine che compongono il Sito.<br \/>\u2022 Mediante modifica delle impostazioni nell\u2019uso dei servizi di terze parti<br \/>Entrambe queste soluzioni potrebbero impedire all\u2019utente di utilizzare o visualizzare parti del Sito.<\/p><p><b>Siti Web e servizi di terze parti<\/b><br \/>Il Sito potrebbe contenere collegamenti ad altri siti Web che dispongono di una propria informativa sulla privacy che pu\u00f2 essere diverse da quella adottata dal sito e che che quindi non risponde di questi siti.<\/p><h5><b>Cookie utilizzati<\/b><\/h5><p><i>Tipo di Cookie:<\/i>\u00a0Form o Modulo di Contatto<br \/><i>Descrizione dell\u2019uso:<\/i> L\u2019utente acconsente all\u2019utilizzo dei dati inseriti nel form di contatto al fine di rispondere alle richieste di preventivo, di informazione, o di qualunque altro motivo (indicato nel titolo del modulo).<br \/><i>Policy Link e Luogo del trattamento:<\/i> Dati non conservati<\/p><p><i>Tipo di Cookie:<\/i>\u00a0Pulsante Mi Piace e servizi terzi di Facebook, Inc.<br \/><i>Descrizione dell\u2019uso:<\/i>\u00a0Il pulsante \u201cMi Piace\u201d e i servizi di Facebook sono necessari all\u2019interazione con il social network Facebook e vengono forniti da Facebook, Inc.<br \/><i>Policy Link e Luogo del trattamento:<\/i>\u00a0USA \u2013\u00a0<a href=\"https:\/\/www.facebook.com\/privacy\/explanation\" target=\"_blank\" rel=\"noopener\">Privacy Policy<\/a>\u00a0\u2013 <a href=\"https:\/\/www.facebook.com\/help\/cookies?ref_type=sitefooter\"><span class=\"s2\">Maggiori informazioni<\/span><\/a><\/p><p><i>Tipo di Cookie:<\/i>\u00a0Pulsante Tweet e servizi terzi di Twitter, Inc.<br \/><i>Descrizione dell\u2019uso:<\/i>\u00a0Il pulsante \u201cTweet\u201d e i servizi correlati sono necessari all\u2019interazione con il social network Twitter e vengono forniti da Twitter, Inc.<br \/><i>Policy Link e Luogo del trattamento:<\/i>\u00a0USA \u2013\u00a0<a href=\"https:\/\/twitter.com\/privacy\"><span class=\"s2\">Privacy Policy<\/span><\/a>\u00a0\u2013\u00a0<a href=\"https:\/\/support.twitter.com\/articles\/20170519-uso-dei-cookie-e-di-altre-tecnologie-simili-da-parte-di-twitter\"><span class=\"s2\">Maggiori informazioni<\/span><\/a><\/p><p><i>Tipo di Cookie:<\/i>\u00a0Pulsante Google+ e servizi terzi di Google Inc.<br \/><i>Descrizione dell\u2019uso:<\/i>\u00a0Il pulsante \u201c+1<span class=\"s3\">\u2033<\/span><span class=\"s1\"> e i servizi correlati a Google+ sono necessari all\u2019interazione con il social network Google Plus e vengono forniti da Google, Inc.<br \/><i>Policy Link e Luogo del trattamento:<\/i>\u00a0USA \u2013\u00a0<a href=\"http:\/\/www.google.com\/intl\/it\/policies\/privacy\/\"><span class=\"s2\">Privacy Policy<\/span><\/a>\u00a0\u2013\u00a0<a href=\"https:\/\/www.google.com\/settings\/u\/0\/ads?hl=it&amp;sig=ACi0TChgJuw6On4kNU0bd_aPveImPZSZuiH9WpcYtFcsf4Wg3-ZR34hxkuUBQBOWtyJSXfQS05ngqJOA1mKr71q6t7T5V9uHiKYcUZZKsVb-RstACgIdhx7ZcHQQMY6nHtLmY1FRqc47ysYAwTzMwlgFPHSAm-IX9uHJnE4Qb8Z5YJ2-xKLjKxU\"><span class=\"s2\">Maggiori informazioni<\/span><\/a><\/span><\/p><p><i>Tipo di Cookie:<\/i>\u00a0Youtube e servizi terzi di Google Inc.<br \/><i>Descrizione dell\u2019uso:<\/i>\u00a0Youtube \u00e8 un social network dedicato alla visualizzazione di contenuti video ed \u00e8 gestito da Google Inc. con la possibilit\u00e0 di integrare i contenuti all\u2019interno delle proprie pagine.<br \/><i>Policy Link e Luogo del trattamento:<\/i>\u00a0USA \u2013\u00a0<a href=\"http:\/\/www.google.com\/intl\/it\/policies\/privacy\/\"><span class=\"s2\">Privacy Policy<\/span><\/a>\u00a0\u2013\u00a0<a href=\"https:\/\/www.google.com\/settings\/u\/0\/ads?hl=it&amp;sig=ACi0TChgJuw6On4kNU0bd_aPveImPZSZuiH9WpcYtFcsf4Wg3-ZR34hxkuUBQBOWtyJSXfQS05ngqJOA1mKr71q6t7T5V9uHiKYcUZZKsVb-RstACgIdhx7ZcHQQMY6nHtLmY1FRqc47ysYAwTzMwlgFPHSAm-IX9uHJnE4Qb8Z5YJ2-xKLjKxU\"><span class=\"s2\">Maggiori informazioni<\/span><\/a><\/p><p><i>Tipo di Cookie:<\/i>\u00a0Analisi degli accessi di Google Analytics e servizi terzi di Google Inc.<br \/><i>Descrizione dell\u2019uso:<\/i>\u00a0Gli accessi e le interazioni dell\u2019utenza su questo sito sono analizzati mediante il servizio di Google Analytics gestito da Google, Inc.<br \/><i>Policy Link e Luogo del trattamento:<\/i>\u00a0USA \u2013\u00a0<a href=\"http:\/\/www.google.com\/intl\/it\/policies\/privacy\/\"><span class=\"s2\">Privacy Policy<\/span><\/a>\u00a0\u2013\u00a0<a href=\"https:\/\/www.google.com\/settings\/u\/0\/ads?hl=it&amp;sig=ACi0TChgJuw6On4kNU0bd_aPveImPZSZuiH9WpcYtFcsf4Wg3-ZR34hxkuUBQBOWtyJSXfQS05ngqJOA1mKr71q6t7T5V9uHiKYcUZZKsVb-RstACgIdhx7ZcHQQMY6nHtLmY1FRqc47ysYAwTzMwlgFPHSAm-IX9uHJnE4Qb8Z5YJ2-xKLjKxU\"><span class=\"s2\">Maggiori informazioni<\/span><\/a><\/p><p><i>Tipo di Cookie:<\/i>\u00a0Google Fonts servizio di Google Inc.<br \/><i>Descrizione dell\u2019uso:<\/i>\u00a0Google Fonts \u00e8 un servizio che permette di inglobare e visualizzare stili di carattere personalizzati ed \u00e8 gestito da da Google Inc.<br \/><i>Policy Link e Luogo del trattamento:<\/i>\u00a0USA \u2013\u00a0<a href=\"http:\/\/www.google.com\/intl\/it\/policies\/privacy\/\"><span class=\"s2\">Privacy Policy<\/span><\/a>\u00a0\u2013\u00a0<a href=\"https:\/\/www.google.com\/settings\/u\/0\/ads?hl=it&amp;sig=ACi0TChgJuw6On4kNU0bd_aPveImPZSZuiH9WpcYtFcsf4Wg3-ZR34hxkuUBQBOWtyJSXfQS05ngqJOA1mKr71q6t7T5V9uHiKYcUZZKsVb-RstACgIdhx7ZcHQQMY6nHtLmY1FRqc47ysYAwTzMwlgFPHSAm-IX9uHJnE4Qb8Z5YJ2-xKLjKxU\"><span class=\"s2\">Maggiori informazioni<\/span><\/a><\/p><h5><b>Istruzioni per disabilitare cookies dai browser<\/b><\/h5><p><i>Se si utilizza Internet Explorer<\/i><br \/>In Internet Explorer, fare clic su &#8220;Strumenti&#8221; poi &#8220;Opzioni Internet&#8221;. Nella scheda Privacy, spostare il cursore verso l&#8217;alto per bloccare tutti i cookie o verso il basso per consentire a tutti i cookie, e quindi fare clic su OK.<\/p><p><i>Se si utilizza il browser Firefox<\/i><br \/>Vai al menu &#8220;Strumenti&#8221; del browser e selezionare il menu &#8220;Opzioni&#8221; Fare clic sulla scheda &#8220;Privacy&#8221;, deselezionare la casella &#8220;Accetta cookie&#8221; e fare clic su OK.<\/p><p><i>Se si utilizza il browser Safari<\/i><br \/>In Browser della votazione, selezionare il menu &#8220;Modifica&#8221; e selezionare &#8220;Preferences&#8221;. Clicca su &#8220;Privacy&#8221;. Posizionare l&#8217;impostazione &#8220;cookies Block&#8221; sempre &#8220;e fare clic su OK.<\/p><p><i>Se si utilizza il browser Google Chrome<\/i><br \/>Fai clic sul menu Chrome nella barra degli strumenti del browser. Selezionare &#8220;Impostazioni&#8221;. Fare clic su &#8220;Mostra impostazioni avanzate&#8221;. Nella sezione &#8220;Privacy&#8221;, fai clic sul pulsante &#8220;Impostazioni contenuti&#8221;. Nella sezione &#8220;Cookies&#8221;, selezionare &#8220;Non consentire ai siti per memorizzare i dati&#8221; e di controllo &#8220;cookie di blocco e di terze parti i dati sito&#8221;, e quindi fare clic su OK.<\/p><p>Se usi un qualsiasi altro browser, cerca nelle Impostazioni del browser la modalit\u00e0 di gestione dei cookies.<\/p>\t\t\t\t\t\t<\/div>\n\t\t\t\t<\/div>\n\t\t\t\t\t<\/div>\n\t\t\t\t<\/div>\n\t\t\t\t\t\t\t<\/div>\n\t\t","protected":false},"excerpt":{"rendered":"<p>Uso dei cookie Il \u201cSito\u201d utilizza i Cookie per rendere i propri servizi semplici e efficienti per l\u2019utenza che visiona le pagine. Gli utenti che visionano il Sito, vedranno inserite delle quantit\u00e0 minime di informazioni nei dispositivi in uso, che siano computer e periferiche mobili, in piccoli file di testo denominati \u201ccookie\u201d salvati nelle directory [&hellip;]<\/p>\n","protected":false},"author":1,"featured_media":0,"parent":0,"menu_order":0,"comment_status":"closed","ping_status":"closed","template":"","meta":{"_monsterinsights_skip_tracking":false,"_monsterinsights_sitenote_active":false,"_monsterinsights_sitenote_note":"","_monsterinsights_sitenote_category":0,"footnotes":""},"class_list":["post-1297","page","type-page","status-publish","hentry"],"blocksy_meta":{"page_title_panel":"","has_hero_section":"disabled","d37403a753d0cd47dc7799ed731f15c6":"","hero_section":"type-1","hero_elements":[{"id":"custom_title","enabled":true,"heading_tag":"h1","title":"Home"},{"id":"custom_description","enabled":true,"description_visibility":{"desktop":true,"tablet":true,"mobile":false}},{"id":"custom_meta","enabled":false,"meta_elements":[{"id":"author","enabled":true,"label":"By","has_author_avatar":"yes","avatar_size":25},{"id":"post_date","enabled":true,"label":"On","date_format_source":"default","date_format":"M j, Y"},{"id":"updated_date","enabled":false,"label":"On","date_format_source":"default","date_format":"M j, Y"},{"id":"categories","enabled":false,"label":"In","style":"simple"},{"id":"comments","enabled":true}],"page_meta_elements":{"joined":true,"articles_count":true,"comments":true}},{"id":"breadcrumbs","enabled":false}],"bb3625a6eba6a4c6c41eef57c021e9ae":"","hero_alignment1":"CT_CSS_SKIP_RULE","hero_margin":40,"hero_alignment2":"center","hero_vertical_alignment":"center","edf01879eb67995dd4c057587a30b2cf":"","hero_structure":"narrow","dc07aa5eafa5bcf0c6bb7bac0bc96087":"","page_title_bg_type":"featured_image","custom_hero_background":{"attachment_id":null},"page_title_image_size":"full","parallax":{"desktop":false,"tablet":false,"mobile":false},"c77d3cd5d47b431947350d738aebc382":"","hero_height":"250px","pageTitleFont":{"family":"Default","variation":"Default","size":"30px","line-height":"CT_CSS_SKIP_RULE","letter-spacing":"CT_CSS_SKIP_RULE","text-transform":"CT_CSS_SKIP_RULE","text-decoration":"CT_CSS_SKIP_RULE"},"pageTitleFontColor":{"default":{"color":"CT_CSS_SKIP_RULEDEFAULT"}},"pageMetaFont":{"family":"Default","variation":"n6","size":"12px","line-height":"1.3","letter-spacing":"CT_CSS_SKIP_RULE","text-transform":"uppercase","text-decoration":"CT_CSS_SKIP_RULE"},"pageMetaFontColor":{"default":{"color":"CT_CSS_SKIP_RULEDEFAULT"},"hover":{"color":"CT_CSS_SKIP_RULEDEFAULT"}},"page_meta_button_type_font_colors":{"default":{"color":"CT_CSS_SKIP_RULEDEFAULT"},"hover":{"color":"CT_CSS_SKIP_RULEDEFAULT"}},"page_meta_button_type_background_colors":{"default":{"color":"CT_CSS_SKIP_RULEDEFAULT"},"hover":{"color":"CT_CSS_SKIP_RULEDEFAULT"}},"pageExcerptFont":{"family":"Default","variation":"Default","size":"CT_CSS_SKIP_RULE","line-height":"CT_CSS_SKIP_RULE","letter-spacing":"CT_CSS_SKIP_RULE","text-transform":"CT_CSS_SKIP_RULE","text-decoration":"CT_CSS_SKIP_RULE"},"pageExcerptColor":{"default":{"color":"CT_CSS_SKIP_RULEDEFAULT"}},"breadcrumbsFont":{"family":"Default","variation":"Default","size":"CT_CSS_SKIP_RULE","line-height":"CT_CSS_SKIP_RULE","letter-spacing":"CT_CSS_SKIP_RULE","text-transform":"CT_CSS_SKIP_RULE","text-decoration":"CT_CSS_SKIP_RULE"},"breadcrumbsFontColor":{"default":{"color":"CT_CSS_SKIP_RULEDEFAULT"},"initial":{"color":"CT_CSS_SKIP_RULEDEFAULT"},"hover":{"color":"CT_CSS_SKIP_RULEDEFAULT"}},"pageTitleOverlay":{"background_type":"color","background_pattern":"type-1","background_image":{"attachment_id":null,"x":0,"y":0},"gradient":"linear-gradient(135deg,rgba(6,147,227,1) 0%,rgb(155,81,224) 100%)","background_repeat":"repeat","background_size":"auto","background_attachment":"scroll","patternColor":{"default":{"color":"#e5e7ea"}},"overlayColor":{"default":{"color":"CT_CSS_SKIP_RULE"}},"backgroundColor":{"default":{"color":"CT_CSS_SKIP_RULE"}}},"pageTitleBackground":{"background_type":"color","background_pattern":"type-1","background_image":{"attachment_id":null,"x":0,"y":0},"gradient":"linear-gradient(135deg,rgba(6,147,227,1) 0%,rgb(155,81,224) 100%)","background_repeat":"repeat","background_size":"auto","background_attachment":"scroll","patternColor":{"default":{"color":"#e5e7ea"}},"overlayColor":{"default":{"color":"CT_CSS_SKIP_RULE"}},"backgroundColor":{"default":{"color":"var(--paletteColor6)"}}},"pageTitlePadding":{"top":"50px","bottom":"50px","left":"auto","right":"auto","linked":true},"f05474f88f7fc3f1879561049209a23b":"","page_structure_type":"default","b4a621d65c12a14870081c09f99457b9":"","content_style_source":"inherit","content_style":"wide","vertical_spacing_source":"custom","content_area_spacing":"none","background":{"background_type":"color","background_pattern":"type-1","background_image":{"attachment_id":null,"x":0,"y":0},"gradient":"linear-gradient(135deg,rgba(6,147,227,1) 0%,rgb(155,81,224) 100%)","background_repeat":"repeat","background_size":"auto","background_attachment":"scroll","patternColor":{"default":{"color":"#e5e7ea"}},"overlayColor":{"default":{"color":"CT_CSS_SKIP_RULE"}},"backgroundColor":{"default":{"color":"CT_CSS_SKIP_RULE"}}},"content_background":{"background_type":"color","background_pattern":"type-1","background_image":{"attachment_id":null,"x":0,"y":0},"gradient":"linear-gradient(135deg,rgba(6,147,227,1) 0%,rgb(155,81,224) 100%)","background_repeat":"repeat","background_size":"auto","background_attachment":"scroll","patternColor":{"default":{"color":"#e5e7ea"}},"overlayColor":{"default":{"color":"CT_CSS_SKIP_RULE"}},"backgroundColor":{"default":{"color":"var(--paletteColor8)"}}},"content_boxed_shadow":{"inherit":false,"blur":18,"spread":-6,"v_offset":12,"h_offset":0,"inset":false,"enable":true,"color":{"color":"rgba(34, 56, 101, 0.04)"}},"content_boxed_border":{"width":1,"style":"none","color":{"color":"rgba(44,62,80,0.2)"}},"content_boxed_radius":{"top":"3px","bottom":"3px","left":"3px","right":"3px","linked":true},"boxed_content_spacing":{"desktop":{"top":"40px","bottom":"40px","left":"40px","right":"40px","linked":true},"tablet":{"top":"35px","bottom":"35px","left":"35px","right":"35px","linked":true},"mobile":{"top":"20px","bottom":"20px","left":"20px","right":"20px","linked":true}},"6dd49a815fa0c57ce24da63d2f4d4e52":"","disable_featured_image":"no","disable_share_box":"no","disable_header":"no","disable_footer":"no","styles_descriptor":{"styles":{"desktop":"","tablet":"","mobile":""},"google_fonts":[],"version":5}},"yoast_head":"<!-- This site is optimized with the Yoast SEO plugin v26.1.1 - https:\/\/yoast.com\/wordpress\/plugins\/seo\/ -->\n<title>Cookies Policy - La Fruetta<\/title>\n<meta name=\"description\" content=\"La Fruetta - Cucina tipica ossolana, ristorante a gestione familiare, merende nostrane, locale per feste e eventi\" \/>\n<meta name=\"robots\" content=\"index, follow, max-snippet:-1, max-image-preview:large, max-video-preview:-1\" \/>\n<link rel=\"canonical\" href=\"https:\/\/lafruetta.it\/index.php\/cookies-policy\/\" \/>\n<meta property=\"og:locale\" content=\"it_IT\" \/>\n<meta property=\"og:type\" content=\"article\" \/>\n<meta property=\"og:title\" content=\"Cookies Policy - La Fruetta\" \/>\n<meta property=\"og:description\" content=\"La Fruetta - Cucina tipica ossolana, ristorante a gestione familiare, merende nostrane, locale per feste e eventi\" \/>\n<meta property=\"og:url\" content=\"https:\/\/lafruetta.it\/index.php\/cookies-policy\/\" \/>\n<meta property=\"og:site_name\" content=\"La Fruetta\" \/>\n<meta property=\"article:publisher\" content=\"https:\/\/www.facebook.com\/Lafruetta\" \/>\n<meta property=\"article:modified_time\" content=\"2023-11-20T13:36:44+00:00\" \/>\n<meta name=\"twitter:card\" content=\"summary_large_image\" \/>\n<meta name=\"twitter:label1\" content=\"Tempo di lettura stimato\" \/>\n\t<meta name=\"twitter:data1\" content=\"7 minuti\" \/>\n<script type=\"application\/ld+json\" class=\"yoast-schema-graph\">{\"@context\":\"https:\/\/schema.org\",\"@graph\":[{\"@type\":\"WebPage\",\"@id\":\"https:\/\/lafruetta.it\/index.php\/cookies-policy\/\",\"url\":\"https:\/\/lafruetta.it\/index.php\/cookies-policy\/\",\"name\":\"Cookies Policy - La Fruetta\",\"isPartOf\":{\"@id\":\"https:\/\/lafruetta.it\/#website\"},\"datePublished\":\"2023-11-20T10:56:58+00:00\",\"dateModified\":\"2023-11-20T13:36:44+00:00\",\"description\":\"La Fruetta - Cucina tipica ossolana, ristorante a gestione familiare, merende nostrane, locale per feste e eventi\",\"breadcrumb\":{\"@id\":\"https:\/\/lafruetta.it\/index.php\/cookies-policy\/#breadcrumb\"},\"inLanguage\":\"it-IT\",\"potentialAction\":[{\"@type\":\"ReadAction\",\"target\":[\"https:\/\/lafruetta.it\/index.php\/cookies-policy\/\"]}]},{\"@type\":\"BreadcrumbList\",\"@id\":\"https:\/\/lafruetta.it\/index.php\/cookies-policy\/#breadcrumb\",\"itemListElement\":[{\"@type\":\"ListItem\",\"position\":1,\"name\":\"Home\",\"item\":\"https:\/\/lafruetta.it\/\"},{\"@type\":\"ListItem\",\"position\":2,\"name\":\"Cookies Policy\"}]},{\"@type\":\"WebSite\",\"@id\":\"https:\/\/lafruetta.it\/#website\",\"url\":\"https:\/\/lafruetta.it\/\",\"name\":\"La Fruetta\",\"description\":\"\",\"publisher\":{\"@id\":\"https:\/\/lafruetta.it\/#organization\"},\"potentialAction\":[{\"@type\":\"SearchAction\",\"target\":{\"@type\":\"EntryPoint\",\"urlTemplate\":\"https:\/\/lafruetta.it\/?s={search_term_string}\"},\"query-input\":{\"@type\":\"PropertyValueSpecification\",\"valueRequired\":true,\"valueName\":\"search_term_string\"}}],\"inLanguage\":\"it-IT\"},{\"@type\":\"Organization\",\"@id\":\"https:\/\/lafruetta.it\/#organization\",\"name\":\"La Fruetta\",\"url\":\"https:\/\/lafruetta.it\/\",\"logo\":{\"@type\":\"ImageObject\",\"inLanguage\":\"it-IT\",\"@id\":\"https:\/\/lafruetta.it\/#\/schema\/logo\/image\/\",\"url\":\"https:\/\/lafruetta.it\/wp-content\/uploads\/2023\/07\/la-fruetta-logo-white.png\",\"contentUrl\":\"https:\/\/lafruetta.it\/wp-content\/uploads\/2023\/07\/la-fruetta-logo-white.png\",\"width\":395,\"height\":254,\"caption\":\"La Fruetta\"},\"image\":{\"@id\":\"https:\/\/lafruetta.it\/#\/schema\/logo\/image\/\"},\"sameAs\":[\"https:\/\/www.facebook.com\/Lafruetta\",\"https:\/\/www.tripadvisor.com\/Restaurant_Review-g1883487-d2175602-Reviews-Bar_Ristorante_La_Fruetta-Premia_Province_of_Verbano_Cusio_Ossola_Piedmont.html\"]}]}<\/script>\n<!-- \/ Yoast SEO plugin. -->","yoast_head_json":{"title":"Cookies Policy - La Fruetta","description":"La Fruetta - Cucina tipica ossolana, ristorante a gestione familiare, merende nostrane, locale per feste e eventi","robots":{"index":"index","follow":"follow","max-snippet":"max-snippet:-1","max-image-preview":"max-image-preview:large","max-video-preview":"max-video-preview:-1"},"canonical":"https:\/\/lafruetta.it\/index.php\/cookies-policy\/","og_locale":"it_IT","og_type":"article","og_title":"Cookies Policy - La Fruetta","og_description":"La Fruetta - Cucina tipica ossolana, ristorante a gestione familiare, merende nostrane, locale per feste e eventi","og_url":"https:\/\/lafruetta.it\/index.php\/cookies-policy\/","og_site_name":"La Fruetta","article_publisher":"https:\/\/www.facebook.com\/Lafruetta","article_modified_time":"2023-11-20T13:36:44+00:00","twitter_card":"summary_large_image","twitter_misc":{"Tempo di lettura stimato":"7 minuti"},"schema":{"@context":"https:\/\/schema.org","@graph":[{"@type":"WebPage","@id":"https:\/\/lafruetta.it\/index.php\/cookies-policy\/","url":"https:\/\/lafruetta.it\/index.php\/cookies-policy\/","name":"Cookies Policy - La Fruetta","isPartOf":{"@id":"https:\/\/lafruetta.it\/#website"},"datePublished":"2023-11-20T10:56:58+00:00","dateModified":"2023-11-20T13:36:44+00:00","description":"La Fruetta - Cucina tipica ossolana, ristorante a gestione familiare, merende nostrane, locale per feste e eventi","breadcrumb":{"@id":"https:\/\/lafruetta.it\/index.php\/cookies-policy\/#breadcrumb"},"inLanguage":"it-IT","potentialAction":[{"@type":"ReadAction","target":["https:\/\/lafruetta.it\/index.php\/cookies-policy\/"]}]},{"@type":"BreadcrumbList","@id":"https:\/\/lafruetta.it\/index.php\/cookies-policy\/#breadcrumb","itemListElement":[{"@type":"ListItem","position":1,"name":"Home","item":"https:\/\/lafruetta.it\/"},{"@type":"ListItem","position":2,"name":"Cookies Policy"}]},{"@type":"WebSite","@id":"https:\/\/lafruetta.it\/#website","url":"https:\/\/lafruetta.it\/","name":"La Fruetta","description":"","publisher":{"@id":"https:\/\/lafruetta.it\/#organization"},"potentialAction":[{"@type":"SearchAction","target":{"@type":"EntryPoint","urlTemplate":"https:\/\/lafruetta.it\/?s={search_term_string}"},"query-input":{"@type":"PropertyValueSpecification","valueRequired":true,"valueName":"search_term_string"}}],"inLanguage":"it-IT"},{"@type":"Organization","@id":"https:\/\/lafruetta.it\/#organization","name":"La Fruetta","url":"https:\/\/lafruetta.it\/","logo":{"@type":"ImageObject","inLanguage":"it-IT","@id":"https:\/\/lafruetta.it\/#\/schema\/logo\/image\/","url":"https:\/\/lafruetta.it\/wp-content\/uploads\/2023\/07\/la-fruetta-logo-white.png","contentUrl":"https:\/\/lafruetta.it\/wp-content\/uploads\/2023\/07\/la-fruetta-logo-white.png","width":395,"height":254,"caption":"La Fruetta"},"image":{"@id":"https:\/\/lafruetta.it\/#\/schema\/logo\/image\/"},"sameAs":["https:\/\/www.facebook.com\/Lafruetta","https:\/\/www.tripadvisor.com\/Restaurant_Review-g1883487-d2175602-Reviews-Bar_Ristorante_La_Fruetta-Premia_Province_of_Verbano_Cusio_Ossola_Piedmont.html"]}]}},"_links":{"self":[{"href":"https:\/\/lafruetta.it\/index.php\/wp-json\/wp\/v2\/pages\/1297","targetHints":{"allow":["GET"]}}],"collection":[{"href":"https:\/\/lafruetta.it\/index.php\/wp-json\/wp\/v2\/pages"}],"about":[{"href":"https:\/\/lafruetta.it\/index.php\/wp-json\/wp\/v2\/types\/page"}],"author":[{"embeddable":true,"href":"https:\/\/lafruetta.it\/index.php\/wp-json\/wp\/v2\/users\/1"}],"replies":[{"embeddable":true,"href":"https:\/\/lafruetta.it\/index.php\/wp-json\/wp\/v2\/comments?post=1297"}],"version-history":[{"count":4,"href":"https:\/\/lafruetta.it\/index.php\/wp-json\/wp\/v2\/pages\/1297\/revisions"}],"predecessor-version":[{"id":1301,"href":"https:\/\/lafruetta.it\/index.php\/wp-json\/wp\/v2\/pages\/1297\/revisions\/1301"}],"wp:attachment":[{"href":"https:\/\/lafruetta.it\/index.php\/wp-json\/wp\/v2\/media?parent=1297"}],"curies":[{"name":"wp","href":"https:\/\/api.w.org\/{rel}","templated":true}]}}